{"id":544,"date":"2025-05-30T21:04:12","date_gmt":"2025-05-30T21:04:12","guid":{"rendered":"https:\/\/agenciasiroe.cl\/terrabike\/?post_type=product&#038;p=544"},"modified":"2025-05-30T21:04:12","modified_gmt":"2025-05-30T21:04:12","slug":"sangrado-freno-hidraulico-un-freno","status":"publish","type":"product","link":"https:\/\/agenciasiroe.cl\/terrabike\/index.php\/producto\/sangrado-freno-hidraulico-un-freno\/","title":{"rendered":"Sangrado freno hidraulico (un freno)"},"content":{"rendered":"","protected":false},"excerpt":{"rendered":"<p>Servicio que incluye apertura de la manilla de freno, extracci\u00f3n del aceite mineral usado, revisi\u00f3n superficial del sistema y reposici\u00f3n con aceite mineral nuevo y limpio. El servicio incluye el aceite mineral necesario para completar el procedimiento. <strong>Trabajo realizado en nuestro taller certificado Shimano Service Center.<\/strong><\/p>\n","protected":false},"featured_media":532,"comment_status":"open","ping_status":"closed","template":"","meta":[],"product_brand":[59],"product_cat":[71],"product_tag":[72],"class_list":{"0":"post-544","1":"product","2":"type-product","3":"status-publish","4":"has-post-thumbnail","6":"product_brand-terrabike","7":"product_cat-taller","8":"product_tag-servicio-taller","10":"first","11":"instock","12":"virtual","13":"taxable","14":"purchasable","15":"product-type-simple"},"_links":{"self":[{"href":"https:\/\/agenciasiroe.cl\/terrabike\/index.php\/wp-json\/wp\/v2\/product\/544","targetHints":{"allow":["GET"]}}],"collection":[{"href":"https:\/\/agenciasiroe.cl\/terrabike\/index.php\/wp-json\/wp\/v2\/product"}],"about":[{"href":"https:\/\/agenciasiroe.cl\/terrabike\/index.php\/wp-json\/wp\/v2\/types\/product"}],"replies":[{"embeddable":true,"href":"https:\/\/agenciasiroe.cl\/terrabike\/index.php\/wp-json\/wp\/v2\/comments?post=544"}],"version-history":[{"count":1,"href":"https:\/\/agenciasiroe.cl\/terrabike\/index.php\/wp-json\/wp\/v2\/product\/544\/revisions"}],"predecessor-version":[{"id":545,"href":"https:\/\/agenciasiroe.cl\/terrabike\/index.php\/wp-json\/wp\/v2\/product\/544\/revisions\/545"}],"wp:featuredmedia":[{"embeddable":true,"href":"https:\/\/agenciasiroe.cl\/terrabike\/index.php\/wp-json\/wp\/v2\/media\/532"}],"wp:attachment":[{"href":"https:\/\/agenciasiroe.cl\/terrabike\/index.php\/wp-json\/wp\/v2\/media?parent=544"}],"wp:term":[{"taxonomy":"product_brand","embeddable":true,"href":"https:\/\/agenciasiroe.cl\/terrabike\/index.php\/wp-json\/wp\/v2\/product_brand?post=544"},{"taxonomy":"product_cat","embeddable":true,"href":"https:\/\/agenciasiroe.cl\/terrabike\/index.php\/wp-json\/wp\/v2\/product_cat?post=544"},{"taxonomy":"product_tag","embeddable":true,"href":"https:\/\/agenciasiroe.cl\/terrabike\/index.php\/wp-json\/wp\/v2\/product_tag?post=544"}],"curies":[{"name":"wp","href":"https:\/\/api.w.org\/{rel}","templated":true}]}}