{"id":523,"date":"2025-05-30T16:42:02","date_gmt":"2025-05-30T16:42:02","guid":{"rendered":"https:\/\/agenciasiroe.cl\/terrabike\/?post_type=product&#038;p=523"},"modified":"2025-05-30T20:57:48","modified_gmt":"2025-05-30T20:57:48","slug":"armado-y-ajuste-de-bicicletas-nuevas","status":"publish","type":"product","link":"https:\/\/agenciasiroe.cl\/terrabike\/index.php\/producto\/armado-y-ajuste-de-bicicletas-nuevas\/","title":{"rendered":"Mantenci\u00f3n Full bicicleta cambios electr\u00f3nicos"},"content":{"rendered":"","protected":false},"excerpt":{"rendered":"<p>Servicio que incluye el desarme completo de la bicicleta, limpieza detallada de todos los componentes, aplicaci\u00f3n de grasa, reensamble de piezas y regulaci\u00f3n de cambios electr\u00f3nicos y frenos.<\/p>\n<p><strong>\u26a0\ufe0fImportante:<\/strong> <strong>Antes de realizar esta mantenci\u00f3n, se debe evaluar que la bicicleta se encuentre en condiciones aceptables de limpieza. No se aceptar\u00e1n bicicletas con problemas en su cableado o deterioro significativo, debido a las implicancias del procedimiento.\u26a0\ufe0f<\/strong><\/p>\n<p><strong>Servicio realizado en nuestro taller certificado Shimano Service Center.<\/strong><\/p>\n","protected":false},"featured_media":532,"comment_status":"open","ping_status":"closed","template":"","meta":[],"product_brand":[59],"product_cat":[71],"product_tag":[72],"class_list":{"0":"post-523","1":"product","2":"type-product","3":"status-publish","4":"has-post-thumbnail","6":"product_brand-terrabike","7":"product_cat-taller","8":"product_tag-servicio-taller","10":"first","11":"instock","12":"virtual","13":"taxable","14":"purchasable","15":"product-type-simple"},"_links":{"self":[{"href":"https:\/\/agenciasiroe.cl\/terrabike\/index.php\/wp-json\/wp\/v2\/product\/523","targetHints":{"allow":["GET"]}}],"collection":[{"href":"https:\/\/agenciasiroe.cl\/terrabike\/index.php\/wp-json\/wp\/v2\/product"}],"about":[{"href":"https:\/\/agenciasiroe.cl\/terrabike\/index.php\/wp-json\/wp\/v2\/types\/product"}],"replies":[{"embeddable":true,"href":"https:\/\/agenciasiroe.cl\/terrabike\/index.php\/wp-json\/wp\/v2\/comments?post=523"}],"version-history":[{"count":3,"href":"https:\/\/agenciasiroe.cl\/terrabike\/index.php\/wp-json\/wp\/v2\/product\/523\/revisions"}],"predecessor-version":[{"id":538,"href":"https:\/\/agenciasiroe.cl\/terrabike\/index.php\/wp-json\/wp\/v2\/product\/523\/revisions\/538"}],"wp:featuredmedia":[{"embeddable":true,"href":"https:\/\/agenciasiroe.cl\/terrabike\/index.php\/wp-json\/wp\/v2\/media\/532"}],"wp:attachment":[{"href":"https:\/\/agenciasiroe.cl\/terrabike\/index.php\/wp-json\/wp\/v2\/media?parent=523"}],"wp:term":[{"taxonomy":"product_brand","embeddable":true,"href":"https:\/\/agenciasiroe.cl\/terrabike\/index.php\/wp-json\/wp\/v2\/product_brand?post=523"},{"taxonomy":"product_cat","embeddable":true,"href":"https:\/\/agenciasiroe.cl\/terrabike\/index.php\/wp-json\/wp\/v2\/product_cat?post=523"},{"taxonomy":"product_tag","embeddable":true,"href":"https:\/\/agenciasiroe.cl\/terrabike\/index.php\/wp-json\/wp\/v2\/product_tag?post=523"}],"curies":[{"name":"wp","href":"https:\/\/api.w.org\/{rel}","templated":true}]}}