{"id":375,"date":"2025-04-10T21:11:40","date_gmt":"2025-04-10T21:11:40","guid":{"rendered":"https:\/\/agenciasiroe.cl\/terrabike\/?post_type=product&#038;p=375"},"modified":"2025-04-15T16:11:21","modified_gmt":"2025-04-15T16:11:21","slug":"extractor-pernos-corona-kengine-cc22-18050","status":"publish","type":"product","link":"https:\/\/agenciasiroe.cl\/terrabike\/index.php\/producto\/extractor-pernos-corona-kengine-cc22-18050\/","title":{"rendered":"Extractor Pernos Corona Kengine Cc22 18050"},"content":{"rendered":"<h5>Extractor Pernos Corona Kengine Cc22 18050<\/h5>\n<p>El Extractor Pernos Corona Kengine Cc22 18050 es un componente o accesorio esencial para cualquier ciclista, dise\u00f1ado para mejorar el rendimiento y la funcionalidad de la bicicleta. Con materiales de alta calidad y un dise\u00f1o innovador, este producto asegura una experiencia de conducci\u00f3n m\u00e1s segura y agradable.<\/p>\n","protected":false},"excerpt":{"rendered":"<div class=\"productView-info-item\"><strong><span class=\"productView-info-name\">Marca:<\/span>\u00a0<\/strong><span class=\"productView-info-value\">Kengine<\/span><\/div>\n<div class=\"productView-info-item\" data-sku=\"\"><strong><span class=\"productView-info-name\">SKU:<\/span><\/strong>\u00a0<span class=\"productView-info-value\">60159<\/span><\/div>\n<div class=\"productView-info-item\" data-inventory=\"\" data-stock-level=\"none\"><strong><span class=\"productView-info-name\">Disponibilidad:<\/span><\/strong>\u00a0<span class=\"productView-info-value\">En Stock<\/span><\/div>\n<div class=\"productView-info-item\"><strong><span class=\"productView-info-name\">Tipo de producto:<\/span><\/strong>\u00a0<span class=\"productView-info-value\">Herramientas<\/span><\/div>\n","protected":false},"featured_media":376,"comment_status":"open","ping_status":"closed","template":"elementor_theme","meta":[],"product_brand":[61],"product_cat":[57],"product_tag":[],"class_list":{"0":"post-375","1":"product","2":"type-product","3":"status-publish","4":"has-post-thumbnail","6":"product_brand-kengine","7":"product_cat-herramientas","9":"first","10":"instock","11":"taxable","12":"shipping-taxable","13":"purchasable","14":"product-type-simple"},"_links":{"self":[{"href":"https:\/\/agenciasiroe.cl\/terrabike\/index.php\/wp-json\/wp\/v2\/product\/375","targetHints":{"allow":["GET"]}}],"collection":[{"href":"https:\/\/agenciasiroe.cl\/terrabike\/index.php\/wp-json\/wp\/v2\/product"}],"about":[{"href":"https:\/\/agenciasiroe.cl\/terrabike\/index.php\/wp-json\/wp\/v2\/types\/product"}],"replies":[{"embeddable":true,"href":"https:\/\/agenciasiroe.cl\/terrabike\/index.php\/wp-json\/wp\/v2\/comments?post=375"}],"version-history":[{"count":2,"href":"https:\/\/agenciasiroe.cl\/terrabike\/index.php\/wp-json\/wp\/v2\/product\/375\/revisions"}],"predecessor-version":[{"id":442,"href":"https:\/\/agenciasiroe.cl\/terrabike\/index.php\/wp-json\/wp\/v2\/product\/375\/revisions\/442"}],"wp:featuredmedia":[{"embeddable":true,"href":"https:\/\/agenciasiroe.cl\/terrabike\/index.php\/wp-json\/wp\/v2\/media\/376"}],"wp:attachment":[{"href":"https:\/\/agenciasiroe.cl\/terrabike\/index.php\/wp-json\/wp\/v2\/media?parent=375"}],"wp:term":[{"taxonomy":"product_brand","embeddable":true,"href":"https:\/\/agenciasiroe.cl\/terrabike\/index.php\/wp-json\/wp\/v2\/product_brand?post=375"},{"taxonomy":"product_cat","embeddable":true,"href":"https:\/\/agenciasiroe.cl\/terrabike\/index.php\/wp-json\/wp\/v2\/product_cat?post=375"},{"taxonomy":"product_tag","embeddable":true,"href":"https:\/\/agenciasiroe.cl\/terrabike\/index.php\/wp-json\/wp\/v2\/product_tag?post=375"}],"curies":[{"name":"wp","href":"https:\/\/api.w.org\/{rel}","templated":true}]}}