{"id":372,"date":"2025-04-10T21:09:24","date_gmt":"2025-04-10T21:09:24","guid":{"rendered":"https:\/\/agenciasiroe.cl\/terrabike\/?post_type=product&#038;p=372"},"modified":"2025-04-15T16:11:21","modified_gmt":"2025-04-15T16:11:21","slug":"manubrio-31-8-x-800-foss-skull-anodizada-red-gray-21108","status":"publish","type":"product","link":"https:\/\/agenciasiroe.cl\/terrabike\/index.php\/producto\/manubrio-31-8-x-800-foss-skull-anodizada-red-gray-21108\/","title":{"rendered":"Manubrio 31.8 X 800 Foss Skull Anodizada Red\/Gray 21108"},"content":{"rendered":"<h5>Manubrio 31.8 X 800 Foss Skull Anodizada Red\/Gray 21108<\/h5>\n<p>El Manubrio 31.8 X 800 Foss Skull Anodizada Red\/Gray 21108 es un componente o accesorio esencial para cualquier ciclista, dise\u00f1ado para mejorar el rendimiento y la funcionalidad de la bicicleta. Con materiales de alta calidad y un dise\u00f1o innovador, este producto asegura una experiencia de conducci\u00f3n m\u00e1s segura y agradable.<\/p>\n","protected":false},"excerpt":{"rendered":"<div class=\"productView-info-item\"><span class=\"productView-info-name\"><strong>Marca<\/strong>:<\/span>\u00a0<span class=\"productView-info-value\">Foss<\/span><\/div>\n<div class=\"productView-info-item\" data-sku=\"\"><strong><span class=\"productView-info-name\">SKU:<\/span>\u00a0<\/strong><span class=\"productView-info-value\">15222<\/span><\/div>\n<div class=\"productView-info-item\" data-inventory=\"\" data-stock-level=\"none\"><strong><span class=\"productView-info-name\">Disponibilidad:<\/span><\/strong>\u00a0<span class=\"productView-info-value\">En Stock<\/span><\/div>\n<div class=\"productView-info-item\"><strong><span class=\"productView-info-name\">Tipo de producto:<\/span><\/strong>\u00a0<span class=\"productView-info-value\">Repuestos<\/span><\/div>\n","protected":false},"featured_media":373,"comment_status":"open","ping_status":"closed","template":"elementor_theme","meta":[],"product_brand":[60],"product_cat":[56],"product_tag":[],"class_list":{"0":"post-372","1":"product","2":"type-product","3":"status-publish","4":"has-post-thumbnail","6":"product_brand-foss","7":"product_cat-repuestos","9":"first","10":"instock","11":"taxable","12":"shipping-taxable","13":"purchasable","14":"product-type-simple"},"_links":{"self":[{"href":"https:\/\/agenciasiroe.cl\/terrabike\/index.php\/wp-json\/wp\/v2\/product\/372","targetHints":{"allow":["GET"]}}],"collection":[{"href":"https:\/\/agenciasiroe.cl\/terrabike\/index.php\/wp-json\/wp\/v2\/product"}],"about":[{"href":"https:\/\/agenciasiroe.cl\/terrabike\/index.php\/wp-json\/wp\/v2\/types\/product"}],"replies":[{"embeddable":true,"href":"https:\/\/agenciasiroe.cl\/terrabike\/index.php\/wp-json\/wp\/v2\/comments?post=372"}],"version-history":[{"count":2,"href":"https:\/\/agenciasiroe.cl\/terrabike\/index.php\/wp-json\/wp\/v2\/product\/372\/revisions"}],"predecessor-version":[{"id":443,"href":"https:\/\/agenciasiroe.cl\/terrabike\/index.php\/wp-json\/wp\/v2\/product\/372\/revisions\/443"}],"wp:featuredmedia":[{"embeddable":true,"href":"https:\/\/agenciasiroe.cl\/terrabike\/index.php\/wp-json\/wp\/v2\/media\/373"}],"wp:attachment":[{"href":"https:\/\/agenciasiroe.cl\/terrabike\/index.php\/wp-json\/wp\/v2\/media?parent=372"}],"wp:term":[{"taxonomy":"product_brand","embeddable":true,"href":"https:\/\/agenciasiroe.cl\/terrabike\/index.php\/wp-json\/wp\/v2\/product_brand?post=372"},{"taxonomy":"product_cat","embeddable":true,"href":"https:\/\/agenciasiroe.cl\/terrabike\/index.php\/wp-json\/wp\/v2\/product_cat?post=372"},{"taxonomy":"product_tag","embeddable":true,"href":"https:\/\/agenciasiroe.cl\/terrabike\/index.php\/wp-json\/wp\/v2\/product_tag?post=372"}],"curies":[{"name":"wp","href":"https:\/\/api.w.org\/{rel}","templated":true}]}}