{"id":213,"date":"2022-07-18T14:51:06","date_gmt":"2022-07-18T14:51:06","guid":{"rendered":"https:\/\/agenciasiroe.cl\/terrabike\/?post_type=product&#038;p=213"},"modified":"2025-04-15T16:11:21","modified_gmt":"2025-04-15T16:11:21","slug":"homecoming","status":"publish","type":"product","link":"https:\/\/agenciasiroe.cl\/terrabike\/index.php\/producto\/homecoming\/","title":{"rendered":"Tricota Ccn Mujer Gray-Pink L 19421"},"content":{"rendered":"<h5>Tricota Ccn Mujer Gray-Pink L 19421<\/h5>\n<p>El <em>Tricota Ccn Mujer Gray-Pink L 19421<\/em> es un componente o accesorio esencial para cualquier ciclista, dise\u00f1ado para mejorar el rendimiento y la funcionalidad de la bicicleta. Con materiales de alta calidad y un dise\u00f1o innovador, este producto asegura una experiencia de conducci\u00f3n m\u00e1s segura y agradable.<\/p>\n","protected":false},"excerpt":{"rendered":"<div class=\"productView-info-item\"><strong><span class=\"productView-info-name\">Marca:<\/span><\/strong>\u00a0<span class=\"productView-info-value\">Marca desconocida<\/span><\/div>\n<div class=\"productView-info-item\" data-sku=\"\"><strong><span class=\"productView-info-name\">SKU:<\/span><\/strong>\u00a0<span class=\"productView-info-value\">10147<\/span><\/div>\n<div class=\"productView-info-item\" data-inventory=\"\" data-stock-level=\"none\"><strong><span class=\"productView-info-name\">Disponibilidad:<\/span><\/strong>\u00a0<span class=\"productView-info-value\">En Stock<\/span><\/div>\n<div class=\"productView-info-item\"><strong><span class=\"productView-info-name\">Tipo de producto:<\/span>\u00a0<\/strong><span class=\"productView-info-value\">Accesorios<\/span><\/div>\n","protected":false},"featured_media":425,"comment_status":"open","ping_status":"closed","template":"elementor_theme","meta":[],"product_brand":[68],"product_cat":[54],"product_tag":[41,50,49],"class_list":{"0":"post-213","1":"product","2":"type-product","3":"status-publish","4":"has-post-thumbnail","6":"product_brand-desconocida","7":"product_cat-indumentaria","8":"product_tag-family","9":"product_tag-kids","10":"product_tag-lightweight","12":"first","13":"instock","14":"taxable","15":"shipping-taxable","16":"purchasable","17":"product-type-simple"},"_links":{"self":[{"href":"https:\/\/agenciasiroe.cl\/terrabike\/index.php\/wp-json\/wp\/v2\/product\/213","targetHints":{"allow":["GET"]}}],"collection":[{"href":"https:\/\/agenciasiroe.cl\/terrabike\/index.php\/wp-json\/wp\/v2\/product"}],"about":[{"href":"https:\/\/agenciasiroe.cl\/terrabike\/index.php\/wp-json\/wp\/v2\/types\/product"}],"replies":[{"embeddable":true,"href":"https:\/\/agenciasiroe.cl\/terrabike\/index.php\/wp-json\/wp\/v2\/comments?post=213"}],"version-history":[{"count":3,"href":"https:\/\/agenciasiroe.cl\/terrabike\/index.php\/wp-json\/wp\/v2\/product\/213\/revisions"}],"predecessor-version":[{"id":449,"href":"https:\/\/agenciasiroe.cl\/terrabike\/index.php\/wp-json\/wp\/v2\/product\/213\/revisions\/449"}],"wp:featuredmedia":[{"embeddable":true,"href":"https:\/\/agenciasiroe.cl\/terrabike\/index.php\/wp-json\/wp\/v2\/media\/425"}],"wp:attachment":[{"href":"https:\/\/agenciasiroe.cl\/terrabike\/index.php\/wp-json\/wp\/v2\/media?parent=213"}],"wp:term":[{"taxonomy":"product_brand","embeddable":true,"href":"https:\/\/agenciasiroe.cl\/terrabike\/index.php\/wp-json\/wp\/v2\/product_brand?post=213"},{"taxonomy":"product_cat","embeddable":true,"href":"https:\/\/agenciasiroe.cl\/terrabike\/index.php\/wp-json\/wp\/v2\/product_cat?post=213"},{"taxonomy":"product_tag","embeddable":true,"href":"https:\/\/agenciasiroe.cl\/terrabike\/index.php\/wp-json\/wp\/v2\/product_tag?post=213"}],"curies":[{"name":"wp","href":"https:\/\/api.w.org\/{rel}","templated":true}]}}