{"id":209,"date":"2022-07-18T14:27:41","date_gmt":"2022-07-18T14:27:41","guid":{"rendered":"https:\/\/agenciasiroe.cl\/terrabike\/?post_type=product&#038;p=209"},"modified":"2025-04-15T16:11:21","modified_gmt":"2025-04-15T16:11:21","slug":"join-venture","status":"publish","type":"product","link":"https:\/\/agenciasiroe.cl\/terrabike\/index.php\/producto\/join-venture\/","title":{"rendered":"Llave Allen Set Crank 8 En 1 Pc Blue"},"content":{"rendered":"<h5><strong>Llave Allen Set Crank 8 En 1 PC Blue<\/strong><\/h5>\n<p>El Set de Llaves Allen Crank 8 en 1 PC Blue es una herramienta compacta y multifuncional dise\u00f1ada especialmente para ciclistas. Este set incluye 8 tama\u00f1os de llaves Allen, adecuadas para realizar ajustes en diversas partes de la bicicleta, como el cuadro, manillar, frenos y otros componentes. Con un dise\u00f1o ergon\u00f3mico y su color azul vibrante, es f\u00e1cil de localizar y manejar durante las reparaciones. Su construcci\u00f3n duradera asegura que resista el uso frecuente y que cada llave se mantenga en buenas condiciones durante m\u00e1s tiempo.<\/p>\n<h6><strong>Caracter\u00edsticas:<\/strong><br \/>\n8 tama\u00f1os de llaves Allen: Perfectas para m\u00faltiples aplicaciones en bicicletas.<br \/>\nConstrucci\u00f3n duradera: Ideal para uso frecuente en reparaciones.<br \/>\nDise\u00f1o compacto y ergon\u00f3mico: F\u00e1cil de transportar y almacenar.<br \/>\nColor azul: Atractivo y f\u00e1cil de identificar en cualquier situaci\u00f3n.<\/h6>\n<h6>\nEncuentra todo esto y m\u00e1s en Terrabike, tienda f\u00edsica ubicada en San Diego 896, Santiago Centro. \u00bfNecesitas ayuda? Cont\u00e1ctanos al n\u00famero +56 9 5782 9504 o al mail web@terrabike.com<\/h6>\n","protected":false},"excerpt":{"rendered":"<div class=\"productView-info-item\"><strong><span class=\"productView-info-name\">Marca:<\/span>\u00a0<\/strong><span class=\"productView-info-value\">Crank<\/span><\/div>\n<div class=\"productView-info-item\" data-sku=\"\"><strong><span class=\"productView-info-name\">SKU:<\/span><\/strong>\u00a0<span class=\"productView-info-value\">76897<\/span><\/div>\n<div class=\"productView-info-item\" data-inventory=\"\" data-stock-level=\"none\"><strong><span class=\"productView-info-name\">Disponibilidad:<\/span>\u00a0<\/strong><span class=\"productView-info-value\">En Stock<\/span><\/div>\n<div class=\"productView-info-item\"><strong><span class=\"productView-info-name\">Tipo de producto:<\/span>\u00a0<\/strong><span class=\"productView-info-value\">Herramientas<\/span><\/div>\n","protected":false},"featured_media":427,"comment_status":"open","ping_status":"closed","template":"elementor_theme","meta":[],"product_brand":[69],"product_cat":[57],"product_tag":[49,48,24],"class_list":{"0":"post-209","1":"product","2":"type-product","3":"status-publish","4":"has-post-thumbnail","6":"product_brand-cranck","7":"product_cat-herramientas","8":"product_tag-lightweight","9":"product_tag-mtb","10":"product_tag-professional","12":"first","13":"instock","14":"taxable","15":"shipping-taxable","16":"purchasable","17":"product-type-simple"},"_links":{"self":[{"href":"https:\/\/agenciasiroe.cl\/terrabike\/index.php\/wp-json\/wp\/v2\/product\/209","targetHints":{"allow":["GET"]}}],"collection":[{"href":"https:\/\/agenciasiroe.cl\/terrabike\/index.php\/wp-json\/wp\/v2\/product"}],"about":[{"href":"https:\/\/agenciasiroe.cl\/terrabike\/index.php\/wp-json\/wp\/v2\/types\/product"}],"replies":[{"embeddable":true,"href":"https:\/\/agenciasiroe.cl\/terrabike\/index.php\/wp-json\/wp\/v2\/comments?post=209"}],"version-history":[{"count":4,"href":"https:\/\/agenciasiroe.cl\/terrabike\/index.php\/wp-json\/wp\/v2\/product\/209\/revisions"}],"predecessor-version":[{"id":450,"href":"https:\/\/agenciasiroe.cl\/terrabike\/index.php\/wp-json\/wp\/v2\/product\/209\/revisions\/450"}],"wp:featuredmedia":[{"embeddable":true,"href":"https:\/\/agenciasiroe.cl\/terrabike\/index.php\/wp-json\/wp\/v2\/media\/427"}],"wp:attachment":[{"href":"https:\/\/agenciasiroe.cl\/terrabike\/index.php\/wp-json\/wp\/v2\/media?parent=209"}],"wp:term":[{"taxonomy":"product_brand","embeddable":true,"href":"https:\/\/agenciasiroe.cl\/terrabike\/index.php\/wp-json\/wp\/v2\/product_brand?post=209"},{"taxonomy":"product_cat","embeddable":true,"href":"https:\/\/agenciasiroe.cl\/terrabike\/index.php\/wp-json\/wp\/v2\/product_cat?post=209"},{"taxonomy":"product_tag","embeddable":true,"href":"https:\/\/agenciasiroe.cl\/terrabike\/index.php\/wp-json\/wp\/v2\/product_tag?post=209"}],"curies":[{"name":"wp","href":"https:\/\/api.w.org\/{rel}","templated":true}]}}