{"id":197,"date":"2022-07-18T14:13:02","date_gmt":"2022-07-18T14:13:02","guid":{"rendered":"https:\/\/agenciasiroe.cl\/terrabike\/?post_type=product&#038;p=197"},"modified":"2025-06-26T15:27:10","modified_gmt":"2025-06-26T15:27:10","slug":"city-lights","status":"publish","type":"product","link":"https:\/\/agenciasiroe.cl\/terrabike\/index.php\/producto\/city-lights\/","title":{"rendered":"Bicicleta Search XR A2 2023 Beige Norco"},"content":{"rendered":"<h5><strong>Bicicleta Norco Search XR A2 2023 Aro 700 Beige<\/strong><\/h5>\n<p>La Norco Search XR A2 2023 es la bicicleta perfecta para quienes buscan aventura en terrenos variados, ideal para el ciclismo de grava y rutas de exploraci\u00f3n. Su cuadro de aluminio ligero pero resistente se combina con una horquilla de carbono para garantizar una excelente absorci\u00f3n de vibraciones, ofreciendo una conducci\u00f3n estable en caminos irregulares y confort en largas distancias. Esta bicicleta de gravel es reconocida por su equilibrio entre rendimiento y durabilidad, perfecta tanto para paseos como para trayectos exigentes. Encuentra todo esto y m\u00e1s en Terrabike, tienda f\u00edsica ubicada en San Diego 896, Santiago Centro. \u00bfNecesitas ayuda? Cont\u00e1ctanos al n\u00famero +56 9 5782 9504 o al mail web@terrabike.com<\/p>\n<p><strong>Cuadro:<\/strong> Aluminio de alta calidad, con soldaduras lisas para mayor durabilidad y ligereza<br \/>\n<strong>Horquilla:<\/strong> Totalmente en carbono, ideal para absorber las vibraciones de terrenos accidentados<br \/>\n<strong>Transmisi\u00f3n:<\/strong> Shimano Tiagra de 10 velocidades, combinando precisi\u00f3n y resistencia<br \/>\n<strong>Frenos:<\/strong> Tektro mec\u00e1nicos de disco, que brindan una frenada segura y controlada<br \/>\nLlantas y neum\u00e1ticos: Aro 700 con neum\u00e1ticos Vittoria Terreno Dry 700x38c, para un agarre \u00f3ptimo en grava y caminos mixtos<br \/>\nCon un dise\u00f1o adaptado para la versatilidad, esta bicicleta est\u00e1 equipada con m\u00faltiples puntos de montaje para accesorios, como portabultos y botellas, facilitando el equipamiento para salidas prolongadas y de aventura. La Norco Search XR A2 ofrece una excelente relaci\u00f3n calidad-precio, siendo una opci\u00f3n ideal para ciclistas que buscan versatilidad y comodidad en una bicicleta de gravel. Encuentra todo esto y m\u00e1s en Terrabike, tienda f\u00edsica ubicada en San Diego 896, Santiago Centro. \u00bfNecesitas ayuda? Cont\u00e1ctanos al n\u00famero +56 9 5782 9504 o al mail web@terrabike.com<\/p>\n","protected":false},"excerpt":{"rendered":"<div class=\"productView-info-item\"><strong><span class=\"productView-info-name\">Marca:<\/span><\/strong>\u00a0<span class=\"productView-info-value\">Norco<\/span><\/div>\n<div class=\"productView-info-item\" data-sku=\"\"><strong><span class=\"productView-info-name\">SKU:<\/span><\/strong>\u00a0<span class=\"productView-info-value\">17720<\/span><\/div>\n<div class=\"productView-info-item\" data-inventory=\"\" data-stock-level=\"none\"><strong><span class=\"productView-info-name\">Disponibilidad:<\/span>\u00a0<\/strong><span class=\"productView-info-value\">Disponible<\/span><\/div>\n<div class=\"productView-info-item\"><strong><span class=\"productView-info-name\">Tipo de producto:<\/span><\/strong>\u00a0<span class=\"productView-info-value\">Bicicletas<\/span><\/div>\n","protected":false},"featured_media":328,"comment_status":"open","ping_status":"closed","template":"elementor_theme","meta":[],"product_brand":[66],"product_cat":[53],"product_tag":[42,40,41],"class_list":{"0":"post-197","1":"product","2":"type-product","3":"status-publish","4":"has-post-thumbnail","6":"product_brand-norco","7":"product_cat-bicicletas","8":"product_tag-basket","9":"product_tag-city","10":"product_tag-family","12":"first","13":"instock","14":"sale","15":"taxable","16":"shipping-taxable","17":"purchasable","18":"product-type-simple"},"_links":{"self":[{"href":"https:\/\/agenciasiroe.cl\/terrabike\/index.php\/wp-json\/wp\/v2\/product\/197","targetHints":{"allow":["GET"]}}],"collection":[{"href":"https:\/\/agenciasiroe.cl\/terrabike\/index.php\/wp-json\/wp\/v2\/product"}],"about":[{"href":"https:\/\/agenciasiroe.cl\/terrabike\/index.php\/wp-json\/wp\/v2\/types\/product"}],"replies":[{"embeddable":true,"href":"https:\/\/agenciasiroe.cl\/terrabike\/index.php\/wp-json\/wp\/v2\/comments?post=197"}],"version-history":[{"count":6,"href":"https:\/\/agenciasiroe.cl\/terrabike\/index.php\/wp-json\/wp\/v2\/product\/197\/revisions"}],"predecessor-version":[{"id":496,"href":"https:\/\/agenciasiroe.cl\/terrabike\/index.php\/wp-json\/wp\/v2\/product\/197\/revisions\/496"}],"wp:featuredmedia":[{"embeddable":true,"href":"https:\/\/agenciasiroe.cl\/terrabike\/index.php\/wp-json\/wp\/v2\/media\/328"}],"wp:attachment":[{"href":"https:\/\/agenciasiroe.cl\/terrabike\/index.php\/wp-json\/wp\/v2\/media?parent=197"}],"wp:term":[{"taxonomy":"product_brand","embeddable":true,"href":"https:\/\/agenciasiroe.cl\/terrabike\/index.php\/wp-json\/wp\/v2\/product_brand?post=197"},{"taxonomy":"product_cat","embeddable":true,"href":"https:\/\/agenciasiroe.cl\/terrabike\/index.php\/wp-json\/wp\/v2\/product_cat?post=197"},{"taxonomy":"product_tag","embeddable":true,"href":"https:\/\/agenciasiroe.cl\/terrabike\/index.php\/wp-json\/wp\/v2\/product_tag?post=197"}],"curies":[{"name":"wp","href":"https:\/\/api.w.org\/{rel}","templated":true}]}}