{"id":103,"date":"2022-07-13T13:23:05","date_gmt":"2022-07-13T13:23:05","guid":{"rendered":"https:\/\/agenciasiroe.cl\/terrabike\/?post_type=product&#038;p=103"},"modified":"2025-06-23T22:45:39","modified_gmt":"2025-06-23T22:45:39","slug":"yellow-trekking","status":"publish","type":"product","link":"https:\/\/agenciasiroe.cl\/terrabike\/index.php\/producto\/yellow-trekking\/","title":{"rendered":"Bicicleta Foss Joy 29 Talla S"},"content":{"rendered":"<h5><strong>Bicicleta Foss Joy 29 Talla S<\/strong><\/h5>\n<p>La bicicleta Foss Joy Aro 29 es una excelente opci\u00f3n para ciclistas j\u00f3venes y adultos de contextura m\u00e1s peque\u00f1a que buscan una experiencia de manejo confiable y c\u00f3moda. Fabricada con un cuadro de aluminio ligero, esta bicicleta en talla S (13.5&#8243;) ofrece durabilidad sin comprometer la ligereza. Equipada con un sistema de transmisi\u00f3n de 21 velocidades, la Foss Joy permite un cambio de marchas suave y eficiente para adaptarse a diversas pendientes y superficies. Adem\u00e1s, cuenta con frenos de disco mec\u00e1nicos para un frenado seguro y preciso, as\u00ed como llantas de doble pared y neum\u00e1ticos Compass de 29&#215;2.10 pulgadas, ideales para brindar tracci\u00f3n en terrenos de monta\u00f1a y caminos irregulares. Encuentra todo esto y m\u00e1s en Terrabike, tienda f\u00edsica ubicada en San Diego 896, Santiago Centro. \u00bfNecesitas ayuda? Cont\u00e1ctanos al n\u00famero +56 9 5782 9504 o al mail web@terrabike.com.<\/p>\n<p><strong>Cuadro:<\/strong> Aluminio ligero<br \/>\n<strong>Transmisi\u00f3n:<\/strong> 21 velocidades, Shimano TY21<br \/>\n<strong>Frenos:<\/strong> Disco mec\u00e1nico<br \/>\n<strong>Ruedas:<\/strong> Llantas de doble pared, neum\u00e1ticos Compass 29&#215;2.10<br \/>\n<strong>Manillas de cambio y freno:<\/strong> Shimano EF500<br \/>\n<strong>Talla:<\/strong> S (13.5&#8243;)<\/p>\n<p>Gracias a su estructura resistente y dise\u00f1o vers\u00e1til, esta bicicleta est\u00e1 preparada para enfrentar rutas desafiantes, ofreciendo un rendimiento s\u00f3lido en cada recorrido. Perfecta para ciclistas j\u00f3venes que quieren seguridad y calidad en cada paseo. Encuentra todo esto y m\u00e1s en Terrabike, tienda f\u00edsica ubicada en San Diego 896, Santiago Centro. \u00bfNecesitas ayuda? Cont\u00e1ctanos al n\u00famero +56 9 5782 9504 o al mail web@terrabike.com<\/p>\n","protected":false},"excerpt":{"rendered":"<div class=\"productView-info-item\"><strong><span class=\"productView-info-name\">Marca:<\/span>\u00a0<\/strong><span class=\"productView-info-value\">Foss<\/span><\/div>\n<div class=\"productView-info-item\" data-sku=\"\"><strong><span class=\"productView-info-name\">SKU:<\/span>\u00a0<\/strong><span class=\"productView-info-value\">17895<\/span><\/div>\n<div class=\"productView-info-item\" data-inventory=\"\" data-stock-level=\"none\"><strong><span class=\"productView-info-name\">Disponibilidad:<\/span><\/strong>\u00a0<span class=\"productView-info-value\">En Stock<\/span><\/div>\n<div class=\"productView-info-item\"><strong><span class=\"productView-info-name\">Tipo de producto:<\/span><\/strong>\u00a0<span class=\"productView-info-value\">Bicicletas<\/span><\/div>\n","protected":false},"featured_media":382,"comment_status":"open","ping_status":"closed","template":"elementor_theme","meta":[],"product_brand":[60],"product_cat":[53],"product_tag":[63,64,24],"class_list":{"0":"post-103","1":"product","2":"type-product","3":"status-publish","4":"has-post-thumbnail","6":"product_brand-foss","7":"product_cat-bicicletas","8":"product_tag-bicicletas","9":"product_tag-foss","10":"product_tag-professional","12":"first","13":"instock","14":"sale","15":"taxable","16":"shipping-taxable","17":"purchasable","18":"product-type-simple"},"_links":{"self":[{"href":"https:\/\/agenciasiroe.cl\/terrabike\/index.php\/wp-json\/wp\/v2\/product\/103","targetHints":{"allow":["GET"]}}],"collection":[{"href":"https:\/\/agenciasiroe.cl\/terrabike\/index.php\/wp-json\/wp\/v2\/product"}],"about":[{"href":"https:\/\/agenciasiroe.cl\/terrabike\/index.php\/wp-json\/wp\/v2\/types\/product"}],"replies":[{"embeddable":true,"href":"https:\/\/agenciasiroe.cl\/terrabike\/index.php\/wp-json\/wp\/v2\/comments?post=103"}],"version-history":[{"count":4,"href":"https:\/\/agenciasiroe.cl\/terrabike\/index.php\/wp-json\/wp\/v2\/product\/103\/revisions"}],"predecessor-version":[{"id":456,"href":"https:\/\/agenciasiroe.cl\/terrabike\/index.php\/wp-json\/wp\/v2\/product\/103\/revisions\/456"}],"wp:featuredmedia":[{"embeddable":true,"href":"https:\/\/agenciasiroe.cl\/terrabike\/index.php\/wp-json\/wp\/v2\/media\/382"}],"wp:attachment":[{"href":"https:\/\/agenciasiroe.cl\/terrabike\/index.php\/wp-json\/wp\/v2\/media?parent=103"}],"wp:term":[{"taxonomy":"product_brand","embeddable":true,"href":"https:\/\/agenciasiroe.cl\/terrabike\/index.php\/wp-json\/wp\/v2\/product_brand?post=103"},{"taxonomy":"product_cat","embeddable":true,"href":"https:\/\/agenciasiroe.cl\/terrabike\/index.php\/wp-json\/wp\/v2\/product_cat?post=103"},{"taxonomy":"product_tag","embeddable":true,"href":"https:\/\/agenciasiroe.cl\/terrabike\/index.php\/wp-json\/wp\/v2\/product_tag?post=103"}],"curies":[{"name":"wp","href":"https:\/\/api.w.org\/{rel}","templated":true}]}}